{"id":104,"date":"2026-01-04T17:30:14","date_gmt":"2026-01-04T17:30:14","guid":{"rendered":"https:\/\/vegra.pl\/?page_id=104"},"modified":"2026-01-19T14:31:02","modified_gmt":"2026-01-19T14:31:02","slug":"contact","status":"publish","type":"page","link":"https:\/\/vegra.eu\/pl\/contact\/","title":{"rendered":"Kontakt"},"content":{"rendered":"<div data-elementor-type=\"wp-page\" data-elementor-id=\"104\" class=\"elementor elementor-104\">\n\t\t\t\t<div class=\"elementor-element elementor-element-3957652c e-flex e-con-boxed e-con e-parent\" data-id=\"3957652c\" data-element_type=\"container\" data-e-type=\"container\">\n\t\t\t\t\t<div class=\"e-con-inner\">\n\t\t<div class=\"elementor-element elementor-element-1b8d0ccd e-con-full e-flex elementor-invisible e-con e-child\" data-id=\"1b8d0ccd\" data-element_type=\"container\" data-e-type=\"container\" data-settings=\"{&quot;background_background&quot;:&quot;classic&quot;,&quot;animation&quot;:&quot;fadeIn&quot;}\">\n\t\t<div class=\"elementor-element elementor-element-3d68e126 e-con-full e-flex e-con e-child\" data-id=\"3d68e126\" data-element_type=\"container\" data-e-type=\"container\">\n\t\t\t\t<div class=\"elementor-element elementor-element-78507bfd elementor-widget__width-initial elementor-invisible elementor-widget elementor-widget-heading\" data-id=\"78507bfd\" data-element_type=\"widget\" data-e-type=\"widget\" data-settings=\"{&quot;_animation&quot;:&quot;fadeIn&quot;}\" data-widget_type=\"heading.default\">\n\t\t\t\t\t<h2 class=\"elementor-heading-title elementor-size-default\">Skonsultuj swoj\u0105 upraw\u0119 z naszymi ekspertami<\/h2>\t\t\t\t<\/div>\n\t\t\t\t<div class=\"elementor-element elementor-element-3b8ca21d elementor-invisible elementor-widget elementor-widget-text-editor\" data-id=\"3b8ca21d\" data-element_type=\"widget\" data-e-type=\"widget\" data-settings=\"{&quot;_animation&quot;:&quot;fadeIn&quot;}\" data-widget_type=\"text-editor.default\">\n\t\t\t\t\t\t\t\t\t<p>Masz pytania dotycz\u0105ce wdro\u017cenia technologii hydroponicznej lub wyboru optymalnego pod\u0142o\u017ca? Jeste\u015bmy tu, aby doradzi\u0107 Ci w zakresie rozwi\u0105za\u0144, kt\u00f3re zmaksymalizuj\u0105 plony i zysk z hektara.<\/p>\t\t\t\t\t\t\t\t<\/div>\n\t\t\t\t<\/div>\n\t\t\t\t<\/div>\n\t\t\t\t\t<\/div>\n\t\t\t\t<\/div>\n\t\t<div class=\"elementor-element elementor-element-04773f2 e-flex e-con-boxed e-con e-parent\" data-id=\"04773f2\" data-element_type=\"container\" data-e-type=\"container\">\n\t\t\t\t\t<div class=\"e-con-inner\">\n\t\t<div class=\"elementor-element elementor-element-9166d69 e-con-full e-flex e-con e-child\" data-id=\"9166d69\" data-element_type=\"container\" data-e-type=\"container\">\n\t\t<div class=\"elementor-element elementor-element-f5f17ec e-con-full e-flex e-con e-child\" data-id=\"f5f17ec\" data-element_type=\"container\" data-e-type=\"container\">\n\t\t<div class=\"elementor-element elementor-element-ffb1513 e-con-full e-flex e-con e-child\" data-id=\"ffb1513\" data-element_type=\"container\" data-e-type=\"container\">\n\t\t\t\t<div class=\"elementor-element elementor-element-03ed6c1 elementor-invisible elementor-widget elementor-widget-heading\" data-id=\"03ed6c1\" data-element_type=\"widget\" data-e-type=\"widget\" data-settings=\"{&quot;_animation&quot;:&quot;fadeInDown&quot;}\" data-widget_type=\"heading.default\">\n\t\t\t\t\t<h2 class=\"elementor-heading-title elementor-size-default\">Skontaktuj si\u0119 z nami<\/h2>\t\t\t\t<\/div>\n\t\t\t\t<div class=\"elementor-element elementor-element-37bd219 elementor-widget__width-initial elementor-invisible elementor-widget elementor-widget-heading\" data-id=\"37bd219\" data-element_type=\"widget\" data-e-type=\"widget\" data-settings=\"{&quot;_animation&quot;:&quot;fadeIn&quot;}\" data-widget_type=\"heading.default\">\n\t\t\t\t\t<h2 class=\"elementor-heading-title elementor-size-default\">Uzyskaj spersonalizowan\u0105 wycen\u0119 dla swojego gospodarstwa<\/h2>\t\t\t\t<\/div>\n\t\t\t\t<\/div>\n\t\t\t\t<div class=\"elementor-element elementor-element-e5887fa elementor-widget__width-initial elementor-invisible elementor-widget elementor-widget-text-editor\" data-id=\"e5887fa\" data-element_type=\"widget\" data-e-type=\"widget\" data-settings=\"{&quot;_animation&quot;:&quot;fadeIn&quot;}\" data-widget_type=\"text-editor.default\">\n\t\t\t\t\t\t\t\t\t<p>Ka\u017cda uprawa jest inna, dlatego nasze produkty s\u0105 szyte na miar\u0119. Prze\u015blij nam informacje o wielko\u015bci swojej plantacji i rodzaju upraw, a my przygotujemy ofert\u0119 dopasowan\u0105 do Twoich potrzeb technologicznych i biznesowych.<\/p>\t\t\t\t\t\t\t\t<\/div>\n\t\t\t\t<\/div>\n\t\t<div class=\"elementor-element elementor-element-1dda779 e-con-full e-grid e-con e-child\" data-id=\"1dda779\" data-element_type=\"container\" data-e-type=\"container\">\n\t\t<div class=\"elementor-element elementor-element-89aa96e e-con-full e-flex elementor-invisible e-con e-child\" data-id=\"89aa96e\" data-element_type=\"container\" data-e-type=\"container\" data-settings=\"{&quot;background_background&quot;:&quot;classic&quot;,&quot;animation&quot;:&quot;fadeInDown&quot;}\">\n\t\t\t\t<div class=\"elementor-element elementor-element-b78ec24 elementor-position-top elementor-widget elementor-widget-image-box\" data-id=\"b78ec24\" data-element_type=\"widget\" data-e-type=\"widget\" data-widget_type=\"image-box.default\">\n\t\t\t\t\t<div class=\"elementor-image-box-wrapper\"><figure class=\"elementor-image-box-img\"><a href=\"mailto:contact@vegra.eu\" tabindex=\"-1\"><img decoding=\"async\" src=\"https:\/\/vegra.eu\/wp-content\/uploads\/2026\/01\/Icon.png\" title=\"\" alt=\"\" loading=\"lazy\" \/><\/a><\/figure><div class=\"elementor-image-box-content\"><h3 class=\"elementor-image-box-title\"><a href=\"mailto:contact@vegra.eu\">Email<\/a><\/h3><p class=\"elementor-image-box-description\">contact@vegra.eu<\/p><\/div><\/div>\t\t\t\t<\/div>\n\t\t\t\t<\/div>\n\t\t<div class=\"elementor-element elementor-element-46ccfef e-con-full e-flex elementor-invisible e-con e-child\" data-id=\"46ccfef\" data-element_type=\"container\" data-e-type=\"container\" data-settings=\"{&quot;background_background&quot;:&quot;classic&quot;,&quot;animation&quot;:&quot;fadeInDown&quot;,&quot;animation_delay&quot;:400}\">\n\t\t\t\t<div class=\"elementor-element elementor-element-ef6ac63 elementor-position-top elementor-widget elementor-widget-image-box\" data-id=\"ef6ac63\" data-element_type=\"widget\" data-e-type=\"widget\" data-widget_type=\"image-box.default\">\n\t\t\t\t\t<div class=\"elementor-image-box-wrapper\"><figure class=\"elementor-image-box-img\"><a href=\"tel:+48510395758\" tabindex=\"-1\"><img decoding=\"async\" src=\"https:\/\/vegra.eu\/wp-content\/uploads\/2026\/01\/Icon-2.png\" title=\"\" alt=\"\" loading=\"lazy\" \/><\/a><\/figure><div class=\"elementor-image-box-content\"><h3 class=\"elementor-image-box-title\"><a href=\"tel:+48510395758\">Telefon<\/a><\/h3><p class=\"elementor-image-box-description\">+48 510 395 758<\/p><\/div><\/div>\t\t\t\t<\/div>\n\t\t\t\t<\/div>\n\t\t\t\t<\/div>\n\t\t<div class=\"elementor-element elementor-element-dd374ae e-con-full e-flex e-con e-child\" data-id=\"dd374ae\" data-element_type=\"container\" data-e-type=\"container\">\n\t\t<div class=\"elementor-element elementor-element-9f6bab5 e-con-full e-flex e-con e-child\" data-id=\"9f6bab5\" data-element_type=\"container\" data-e-type=\"container\">\n\t\t\t\t<div class=\"elementor-element elementor-element-d97bc33 elementor-widget elementor-widget-shortcode\" data-id=\"d97bc33\" data-element_type=\"widget\" data-e-type=\"widget\" data-widget_type=\"shortcode.default\">\n\t\t\t\t\t\t\t<div class=\"elementor-shortcode\">\n<div class=\"wpcf7 no-js\" id=\"wpcf7-f1195-o1\" lang=\"pl-PL\" dir=\"ltr\" data-wpcf7-id=\"1195\">\n<div class=\"screen-reader-response\"><p role=\"status\" aria-live=\"polite\" aria-atomic=\"true\"><\/p> <ul><\/ul><\/div>\n<form action=\"\/pl\/wp-json\/wp\/v2\/pages\/104#wpcf7-f1195-o1\" method=\"post\" class=\"wpcf7-form init\" aria-label=\"Formularz kontaktowy\" novalidate=\"novalidate\" data-status=\"init\" data-trp-original-action=\"\/pl\/wp-json\/wp\/v2\/pages\/104#wpcf7-f1195-o1\">\n<fieldset class=\"hidden-fields-container\"><input type=\"hidden\" name=\"_wpcf7\" value=\"1195\" \/><input type=\"hidden\" name=\"_wpcf7_version\" value=\"6.1.5\" \/><input type=\"hidden\" name=\"_wpcf7_locale\" value=\"pl_PL\" \/><input type=\"hidden\" name=\"_wpcf7_unit_tag\" value=\"wpcf7-f1195-o1\" \/><input type=\"hidden\" name=\"_wpcf7_container_post\" value=\"0\" \/><input type=\"hidden\" name=\"_wpcf7_posted_data_hash\" value=\"\" \/>\n<\/fieldset>\n<div class=\"uhg-contact-form\">\n\t<div class=\"uhg-header\">\n\t\t<p class=\"translation-block\">Nasz specjalista oddzwoni do Ciebie w ci\u0105gu<br>\n<strong>24 godzin<\/strong> i odpowie na wszystkie Twoje pytania<br>\ndotycz\u0105ce Twojego projektu.<\/p>\n\t<\/div>\n\t<div class=\"uhg-fields\">\n\t\t<p><label>Imi\u0119<\/label><br \/>\n<span class=\"wpcf7-form-control-wrap\" data-name=\"your-name\"><input size=\"40\" maxlength=\"400\" class=\"wpcf7-form-control wpcf7-text wpcf7-validates-as-required\" aria-required=\"true\" aria-invalid=\"false\" placeholder=\"Jak si\u0119 nazywasz?\" value=\"\" type=\"text\" name=\"your-name\" \/><\/span>\n\t\t<\/p>\n\t\t<p><label>Adres Email<\/label><br \/>\n<span class=\"wpcf7-form-control-wrap\" data-name=\"your-email\"><input size=\"40\" maxlength=\"400\" class=\"wpcf7-form-control wpcf7-email wpcf7-text wpcf7-validates-as-email\" aria-invalid=\"false\" placeholder=\"Na kt\u00f3rego maila mamy odpowiedzie\u0107?\" value=\"\" type=\"email\" name=\"your-email\" \/><\/span>\n\t\t<\/p>\n\t\t<p><label>Numer telefonu (opcjonalnie)<\/label><br \/>\n<span class=\"wpcf7-form-control-wrap\" data-name=\"your-phone\"><input size=\"40\" maxlength=\"400\" class=\"wpcf7-form-control wpcf7-tel wpcf7-text wpcf7-validates-as-tel\" aria-invalid=\"false\" placeholder=\"Na kt\u00f3ry numer mamy oddzwoni\u0107?\" value=\"\" type=\"tel\" name=\"your-phone\" \/><\/span>\n\t\t<\/p>\n\t<\/div>\n\t<p class=\"uhg-consent translation-block\"><br>\nWysy\u0142aj\u0105c ten formularz, wyra\u017casz zgod\u0119 na przetwarzanie Twoich danych osobowych przez Vegra.eu w celu udzielenia odpowiedzi na Twoje zapytanie. Wi\u0119cej informacji znajdziesz w: <a href=\"https:\/\/vegra.eu\/pl\/privacy-policy\/\" target=\"_self\">Polityce Prywatno\u015bci<\/a><\/p>\n\t<div class=\"uhg-submit\">\n\t\t<p><input class=\"wpcf7-form-control wpcf7-submit has-spinner\" type=\"submit\" value=\"Darmowa Konsultacja  \u2192\" \/>\n\t\t<\/p>\n\t<\/div>\n<\/div><div class=\"wpcf7-response-output\" aria-hidden=\"true\"><\/div>\n<input type=\"hidden\" name=\"trp-form-language\" value=\"pl\"\/><\/form>\n<\/div>\n<\/div>\n\t\t\t\t\t\t<\/div>\n\t\t\t\t<div class=\"elementor-element elementor-element-1a6d1ab elementor-hidden-mobile elementor-widget__width-initial elementor-widget elementor-widget-image\" data-id=\"1a6d1ab\" data-element_type=\"widget\" data-e-type=\"widget\" data-widget_type=\"image.default\">\n\t\t\t\t\t\t\t\t\t\t\t\t\t\t\t<img decoding=\"async\" src=\"https:\/\/vegra.eu\/wp-content\/uploads\/2026\/01\/Kopia-Untitled-design-4-Photoroom.png\" title=\"\" alt=\"\" loading=\"lazy\" \/>\t\t\t\t\t\t\t\t\t\t\t\t\t\t\t<\/div>\n\t\t\t\t<\/div>\n\t\t\t\t<\/div>\n\t\t\t\t<\/div>\n\t\t\t\t\t<\/div>\n\t\t\t\t<\/div>\n\t\t\t\t<\/div>","protected":false},"excerpt":{"rendered":"<p>Consult your crop with our experts Have questions about implementing hydroponic technology or choosing the optimal substrate? We&#8217;re here to advise you on solutions that will maximize your yields and profit per hectare. Contact with us Get a personalized quote for your farm Every crop is different, so our products are tailor-made. Send us information [&hellip;]<\/p>\n","protected":false},"author":1,"featured_media":0,"parent":0,"menu_order":0,"comment_status":"closed","ping_status":"closed","template":"","meta":{"om_disable_all_campaigns":false,"_monsterinsights_skip_tracking":false,"_monsterinsights_sitenote_active":false,"_monsterinsights_sitenote_note":"","_monsterinsights_sitenote_category":0,"footnotes":""},"class_list":["post-104","page","type-page","status-publish","hentry"],"aioseo_notices":[],"_links":{"self":[{"href":"https:\/\/vegra.eu\/pl\/wp-json\/wp\/v2\/pages\/104","targetHints":{"allow":["GET"]}}],"collection":[{"href":"https:\/\/vegra.eu\/pl\/wp-json\/wp\/v2\/pages"}],"about":[{"href":"https:\/\/vegra.eu\/pl\/wp-json\/wp\/v2\/types\/page"}],"author":[{"embeddable":true,"href":"https:\/\/vegra.eu\/pl\/wp-json\/wp\/v2\/users\/1"}],"replies":[{"embeddable":true,"href":"https:\/\/vegra.eu\/pl\/wp-json\/wp\/v2\/comments?post=104"}],"version-history":[{"count":50,"href":"https:\/\/vegra.eu\/pl\/wp-json\/wp\/v2\/pages\/104\/revisions"}],"predecessor-version":[{"id":1299,"href":"https:\/\/vegra.eu\/pl\/wp-json\/wp\/v2\/pages\/104\/revisions\/1299"}],"wp:attachment":[{"href":"https:\/\/vegra.eu\/pl\/wp-json\/wp\/v2\/media?parent=104"}],"curies":[{"name":"wp","href":"https:\/\/api.w.org\/{rel}","templated":true}]}}