{"id":317,"date":"2026-01-06T09:56:45","date_gmt":"2026-01-06T09:56:45","guid":{"rendered":"https:\/\/vegra.pl\/?page_id=317"},"modified":"2026-01-19T14:01:00","modified_gmt":"2026-01-19T14:01:00","slug":"blog","status":"publish","type":"page","link":"https:\/\/vegra.eu\/pl\/blog\/","title":{"rendered":"Blog"},"content":{"rendered":"<div data-elementor-type=\"wp-page\" data-elementor-id=\"317\" class=\"elementor elementor-317\">\n\t\t\t\t<div class=\"elementor-element elementor-element-271e59e e-flex e-con-boxed e-con e-parent\" data-id=\"271e59e\" data-element_type=\"container\" data-e-type=\"container\">\n\t\t\t\t\t<div class=\"e-con-inner\">\n\t\t<div class=\"elementor-element elementor-element-56bcbeb6 e-con-full e-flex elementor-invisible e-con e-child\" data-id=\"56bcbeb6\" data-element_type=\"container\" data-e-type=\"container\" data-settings=\"{&quot;background_background&quot;:&quot;classic&quot;,&quot;animation&quot;:&quot;fadeIn&quot;}\">\n\t\t<div class=\"elementor-element elementor-element-238e9a89 e-con-full e-flex e-con e-child\" data-id=\"238e9a89\" data-element_type=\"container\" data-e-type=\"container\">\n\t\t\t\t<div class=\"elementor-element elementor-element-6b46d8f elementor-widget__width-initial elementor-invisible elementor-widget elementor-widget-heading\" data-id=\"6b46d8f\" data-element_type=\"widget\" data-e-type=\"widget\" data-settings=\"{&quot;_animation&quot;:&quot;fadeIn&quot;}\" data-widget_type=\"heading.default\">\n\t\t\t\t\t<h2 class=\"elementor-heading-title elementor-size-default\">Wiedza i technologia w uprawie kokosa<\/h2>\t\t\t\t<\/div>\n\t\t\t\t<div class=\"elementor-element elementor-element-7f95066d elementor-invisible elementor-widget elementor-widget-text-editor\" data-id=\"7f95066d\" data-element_type=\"widget\" data-e-type=\"widget\" data-settings=\"{&quot;_animation&quot;:&quot;fadeIn&quot;}\" data-widget_type=\"text-editor.default\">\n\t\t\t\t\t\t\t\t\t<p>B\u0105d\u017a o krok przed konkurencj\u0105. \u015aled\u017a najnowsze trendy w hydroponice, przeanalizuj op\u0142acalno\u015b\u0107 upraw kokosowych i dowiedz si\u0119, jak technologia VEGRA pomaga polskim plantatorom osi\u0105ga\u0107 plony najwy\u017cszej klasy w dobie zmieniaj\u0105cego si\u0119 klimatu.<\/p>\t\t\t\t\t\t\t\t<\/div>\n\t\t\t\t<\/div>\n\t\t\t\t<\/div>\n\t\t\t\t\t<\/div>\n\t\t\t\t<\/div>\n\t\t<div class=\"elementor-element elementor-element-17d58c7 e-flex e-con-boxed e-con e-parent\" data-id=\"17d58c7\" data-element_type=\"container\" data-e-type=\"container\">\n\t\t\t\t\t<div class=\"e-con-inner\">\n\t\t<div class=\"elementor-element elementor-element-52e0b9bd e-con-full e-flex e-con e-child\" data-id=\"52e0b9bd\" data-element_type=\"container\" data-e-type=\"container\">\n\t\t<div class=\"elementor-element elementor-element-55bd9faf e-con-full e-flex e-con e-child\" data-id=\"55bd9faf\" data-element_type=\"container\" data-e-type=\"container\">\n\t\t\t\t<div class=\"elementor-element elementor-element-27035714 elementor-widget__width-initial elementor-widget elementor-widget-elementskit-blog-posts\" data-id=\"27035714\" data-element_type=\"widget\" data-e-type=\"widget\" data-widget_type=\"elementskit-blog-posts.default\">\n\t\t\t\t\t<div class=\"ekit-wid-con\" >        <div id=\"post-items--27035714\" class=\"row post-items\">\n                    <div class=\"col-lg-3 col-md-6\">\n\n                                    <div class=\"elementskit-post-image-card\">\n                        <div class=\"elementskit-entry-header\">\n                            \n                            \n\t\t\t\t\t\t\t\t\t\t\t\t\t<\/div><!-- .elementskit-entry-header END -->\n\n\t\t\t\t\t\t<div class=\"elementskit-post-body\">\n\t\t\t\t\t\t\t\n\t\t\t\t\t\t\t\t\t\t\t\t\t\t\t\t\t\t\t\t\t\t\t\t\t\t\t\t\t\t\n\t\t\t\t\t\t\t\t\n\t\t\t\t\t\t\t\t\t\t\t\t\t\t\t\t\t\t\t\t\t<h2 class=\"entry-title\">\n\t\t\t\t\t<a href=\"https:\/\/vegra.eu\/pl\/blog\/ph-and-ec-management-in-2026-why-precision-is-the-only-shield-against-market-volatility\/\">\n\t\t\t\t\t\tZarz\u0105dzanie pH i EC w 2026 r.: dlaczego precyzja jest jedyn\u0105 tarcz\u0105 przed zmienno\u015bci\u0105 rynku\t\t\t\t\t<\/a>\n\t\t\t\t<\/h2>\n\t\t\t\t\t\t\t\t\t\t\t\t\t\t\t\t\t\t\t\t\t\t\t\t\t\t\t\t\t\t\t\t\t\t\t\t\t\t\t\t\t\t<p>Stan na 14 stycznia 2026 r.\u2026<\/p>\n\t\t\t\t\t\t\t\t\t\t\t\t\t\t\t\t\t\t\t\t\t\t                                                            <div class=\"btn-wraper\">\n                                    \n                                                                            <a class=\"elementskit-btn whitespace--normal\" id=\"\" href=\"https:\/\/vegra.eu\/pl\/blog\/ph-and-ec-management-in-2026-why-precision-is-the-only-shield-against-market-volatility\/\">\n                                        \t                                            Dowiedz si\u0119 wi\u0119cej                                        <\/a>\n                                                                    <\/div>\n                                                    <\/div><!-- .elementskit-post-body END -->\n                    <\/div>\n                \n            <\/div>\n                <\/div>\n       <\/div>\t\t\t\t<\/div>\n\t\t\t\t<\/div>\n\t\t\t\t<\/div>\n\t\t\t\t\t<\/div>\n\t\t\t\t<\/div>\n\t\t\t\t<\/div>","protected":false},"excerpt":{"rendered":"<p>Knowledge and Technology in Coconut-based Cultivation Stay one step ahead of the competition. Follow the latest trends in hydroponics, analyse the profitability of coconut-based cultivation, and learn how VEGRA technology helps Polish growers achieve premium-class yields in an era of changing climate. Vegra mix czym jest i dlaczego jest ci to potrzebne? W tym artykule [&hellip;]<\/p>\n","protected":false},"author":1,"featured_media":0,"parent":0,"menu_order":0,"comment_status":"closed","ping_status":"closed","template":"","meta":{"om_disable_all_campaigns":false,"_monsterinsights_skip_tracking":false,"_monsterinsights_sitenote_active":false,"_monsterinsights_sitenote_note":"","_monsterinsights_sitenote_category":0,"footnotes":""},"class_list":["post-317","page","type-page","status-publish","hentry"],"aioseo_notices":[],"_links":{"self":[{"href":"https:\/\/vegra.eu\/pl\/wp-json\/wp\/v2\/pages\/317","targetHints":{"allow":["GET"]}}],"collection":[{"href":"https:\/\/vegra.eu\/pl\/wp-json\/wp\/v2\/pages"}],"about":[{"href":"https:\/\/vegra.eu\/pl\/wp-json\/wp\/v2\/types\/page"}],"author":[{"embeddable":true,"href":"https:\/\/vegra.eu\/pl\/wp-json\/wp\/v2\/users\/1"}],"replies":[{"embeddable":true,"href":"https:\/\/vegra.eu\/pl\/wp-json\/wp\/v2\/comments?post=317"}],"version-history":[{"count":28,"href":"https:\/\/vegra.eu\/pl\/wp-json\/wp\/v2\/pages\/317\/revisions"}],"predecessor-version":[{"id":1265,"href":"https:\/\/vegra.eu\/pl\/wp-json\/wp\/v2\/pages\/317\/revisions\/1265"}],"wp:attachment":[{"href":"https:\/\/vegra.eu\/pl\/wp-json\/wp\/v2\/media?parent=317"}],"curies":[{"name":"wp","href":"https:\/\/api.w.org\/{rel}","templated":true}]}}